{"id":1131,"date":"2018-10-23T20:56:26","date_gmt":"2018-10-23T20:56:26","guid":{"rendered":"https:\/\/demo01.gethomey.io\/?page_id=1131"},"modified":"2022-05-14T15:48:55","modified_gmt":"2022-05-14T15:48:55","slug":"module-carrousel-darticles-de-blog","status":"publish","type":"page","link":"https:\/\/royalvacationsegypt.com\/fr\/module-carrousel-darticles-de-blog\/","title":{"rendered":"Module carrousel d&#039;articles de blog"},"content":{"rendered":"<div data-elementor-type=\"wp-page\" data-elementor-id=\"1131\" class=\"elementor elementor-1131\" data-elementor-post-type=\"page\">\n\t\t\t\t\t\t<section class=\"elementor-section elementor-top-section elementor-element elementor-element-72114f07 elementor-section-boxed elementor-section-height-default elementor-section-height-default elementor-invisible\" data-id=\"72114f07\" data-element_type=\"section\" data-settings=\"{&quot;animation&quot;:&quot;fadeIn&quot;}\">\n\t\t\t\t\t\t<div class=\"elementor-container elementor-column-gap-default\">\n\t\t\t\t\t<div class=\"elementor-column elementor-col-100 elementor-top-column elementor-element elementor-element-bf48572\" data-id=\"bf48572\" data-element_type=\"column\">\n\t\t\t<div class=\"elementor-widget-wrap elementor-element-populated\">\n\t\t\t\t\t\t<div class=\"elementor-element elementor-element-6d111157 elementor-widget elementor-widget-spacer\" data-id=\"6d111157\" data-element_type=\"widget\" data-widget_type=\"spacer.default\">\n\t\t\t\t<div class=\"elementor-widget-container\">\n\t\t\t\t\t\t\t<div class=\"elementor-spacer\">\n\t\t\t<div class=\"elementor-spacer-inner\"><\/div>\n\t\t<\/div>\n\t\t\t\t\t\t<\/div>\n\t\t\t\t<\/div>\n\t\t\t\t<div class=\"elementor-element elementor-element-7ad5b431 elementor-widget elementor-widget-heading\" data-id=\"7ad5b431\" data-element_type=\"widget\" data-widget_type=\"heading.default\">\n\t\t\t\t<div class=\"elementor-widget-container\">\n\t\t\t\t\t<h1 class=\"elementor-heading-title elementor-size-large\">Module carrousel d&#039;articles de blog\n<\/h1>\t\t\t\t<\/div>\n\t\t\t\t<\/div>\n\t\t\t\t<div class=\"elementor-element elementor-element-2472eb9e elementor-widget elementor-widget-text-editor\" data-id=\"2472eb9e\" data-element_type=\"widget\" data-widget_type=\"text-editor.default\">\n\t\t\t\t<div class=\"elementor-widget-container\">\n\t\t\t\t\t\t\t\t\t<p>Cette page affiche le blog de l&#039;article\u00a0<span style=\"color: var( --e-global-color-text ); letter-spacing: 0px;\">Carrousel\u00a0<\/span><span style=\"color: var( --e-global-color-text ); letter-spacing: 0px;\">Combinaisons de modules. Ce widget personnalis\u00e9 pour WElementor Page Builder vous permet d&#039;afficher vos articles de blog de mani\u00e8re agr\u00e9able.\u00a0<\/span>carrousel<span style=\"color: var( --e-global-color-text ); letter-spacing: 0px;\">\u00a0style. Ce module offre des options pour g\u00e9rer le contenu de la page.<\/span><\/p>\t\t\t\t\t\t\t\t<\/div>\n\t\t\t\t<\/div>\n\t\t\t\t\t<\/div>\n\t\t<\/div>\n\t\t\t\t\t<\/div>\n\t\t<\/section>\n\t\t\t\t<section class=\"elementor-section elementor-top-section elementor-element elementor-element-c829e66 elementor-section-boxed elementor-section-height-default elementor-section-height-default elementor-invisible\" data-id=\"c829e66\" data-element_type=\"section\" data-settings=\"{&quot;animation&quot;:&quot;fadeIn&quot;}\">\n\t\t\t\t\t\t<div class=\"elementor-container elementor-column-gap-default\">\n\t\t\t\t\t<div class=\"elementor-column elementor-col-100 elementor-top-column elementor-element elementor-element-7cf0fa1e\" data-id=\"7cf0fa1e\" data-element_type=\"column\">\n\t\t\t<div class=\"elementor-widget-wrap elementor-element-populated\">\n\t\t\t\t\t\t<div class=\"elementor-element elementor-element-61edd698 elementor-widget-divider--view-line elementor-widget elementor-widget-divider\" data-id=\"61edd698\" data-element_type=\"widget\" data-widget_type=\"divider.default\">\n\t\t\t\t<div class=\"elementor-widget-container\">\n\t\t\t\t\t\t\t<div class=\"elementor-divider\">\n\t\t\t<span class=\"elementor-divider-separator\">\n\t\t\t\t\t\t<\/span>\n\t\t<\/div>\n\t\t\t\t\t\t<\/div>\n\t\t\t\t<\/div>\n\t\t\t\t<div class=\"elementor-element elementor-element-10582a75 elementor-widget elementor-widget-homey_elementor_section_title\" data-id=\"10582a75\" data-element_type=\"widget\" data-widget_type=\"homey_elementor_section_title.default\">\n\t\t\t\t<div class=\"elementor-widget-container\">\n\t\t\t\t\t            <div class=\"homey_section_title_wrap_elementor homey-module module-title section-title-module\">\n                                    <h2 class=\"homey_section_title\">Version de la grille \u00e0 3 colonnes<\/h2>\n                \n                                    <p class=\"homey_section_subtitle sub-heading\">Module Articles de blog<\/p>\n                            <\/div>\n            \t\t\t\t<\/div>\n\t\t\t\t<\/div>\n\t\t\t\t<div class=\"elementor-element elementor-element-bb09558 elementor-widget elementor-widget-homey_elementor_blog_posts_carousel\" data-id=\"bb09558\" data-element_type=\"widget\" data-widget_type=\"homey_elementor_blog_posts_carousel.default\">\n\t\t\t\t<div class=\"elementor-widget-container\">\n\t\t\t\t\t        <script>\n            jQuery(document).ready(function ($) {\n\n                var post_card = $('#blog-carousel-aKvFQ');\n\n                post_card.slick({\n                    rtl: false,\n                    lazyLoad: 'ondemand',\n                    infinite: true,\n                    speed: 300,\n                    slidesToShow: 3,\n                    arrows: true,\n                    adaptiveHeight: true,\n                    dots: true,\n                    appendArrows: '.blog-module-slider',\n                    prevArrow: '<button type=\"button\" class=\"slick-prev\">Prev<\/button>',\n                    nextArrow: '<button type=\"button\" class=\"slick-next\">Next<\/button>',\n                    responsive: [\n                    {\n                        breakpoint: 992,\n                        settings: {\n                            slidesToShow: 2,\n                            slidesToScroll: 2\n                        }\n                    },\n                    {\n                        breakpoint: 769,\n                        settings: {\n                            slidesToShow: 1,\n                            slidesToScroll: 1\n                        }\n                    }]\n                });\n            });\n        <\/script>\n\n        <div class=\"module-wrap blog-module blog-module-slider\">\n            <div class=\"blog-module-wrap\">\n                <div id=\"blog-carousel-aKvFQ\" class=\"blog-module-slider-view\">\n                    <div class=\"item-blog post-13288 post type-post status-publish format-standard hentry category-uncategorized\">\n\t<div class=\"media\">\n\t\t<div class=\"item-blog-image\">\n\t\t\t<div class=\"item-media item-media-thumb\">\n\t\t\t\t<a href=\"https:\/\/royalvacationsegypt.com\/fr\/1-2\/\" class=\"hover-effect\">\n                <img decoding=\"async\" src=\"https:\/\/place-hold.it\/450x300&text=Royal+Vacations\" alt=\"placeholder\" \/>            \t<\/a>\n\t\t\t<\/div>\n\t\t<\/div>\n\t\t<div class=\"media-body item-body\">\n\t\t\t<div class=\"item-title-head\">\n\t\t\t\t<h3 class=\"title\">\n\t\t\t\t\t<a href=\"https:\/\/royalvacationsegypt.com\/fr\/1-2\/\">1<\/a>\n\t\t\t\t<\/h3>\n\t\t\t\t<div class=\"item-blog-meta item-blog-category\">\n\t\t\t\t\t<i class=\"homey-icon homey-icon-award-badge-1\"><\/i> <a href=\"https:\/\/royalvacationsegypt.com\/fr\/categorie\/non-categorise\/\" rel=\"category tag\">Non class\u00e9<\/a>\t\t\t\t<\/div>\n\t\t\t\t<p><p>&nbsp; &nbsp; &nbsp; &nbsp; \u2014\u2014\u2014\u2014\u2014\u2014\u2014\u2014\u2014\u2014\u2014\u2014\u2014\u2014\u2014\u2014\u2014\u2014\u2014\u2014\u2014\u2014\u2014\u2013 &nbsp; &nbsp;<\/p>\n<\/p>\n\t\t\t<\/div>\n\t\t\t<div class=\"item-blog-footer\">\n\t\t\t\t<ul class=\"list-inline\">\n\t\t\t\t\t<li class=\"item-blog-meta\">\n\t\t\t\t\t\t<i class=\"homey-icon homey-icon-calendar-3\"><\/i> 4 mois ago\t\t\t\t\t<\/li>\n\t\t\t\t\t<li class=\"item-blog-meta\">\n\t\t\t\t\t\t<i class=\"homey-icon homey-icon-multiple-man-woman-2-o\" aria-hidden=\"true\"><\/i> Par <a href=\"https:\/\/royalvacationsegypt.com\/fr\/author\/pntkpev5he-2-2-2-2-2-2-2-2-2-2-2-2-2-2-2-2-2-2-2-3\/\">Vacances royales<\/a>\n\t\t\t\t\t<\/li>\n\t\t\t\t<\/ul>\n\t\t\t<\/div>\n\t\t<\/div>\n\t<\/div>\n<\/div><div class=\"item-blog post-11379 post type-post status-publish format-standard hentry category-uncategorized\">\n\t<div class=\"media\">\n\t\t<div class=\"item-blog-image\">\n\t\t\t<div class=\"item-media item-media-thumb\">\n\t\t\t\t<a href=\"https:\/\/royalvacationsegypt.com\/fr\/decouvrez-les-steve-jobs-de-lindustrie-du-voyage\/\" class=\"hover-effect\">\n                <img decoding=\"async\" src=\"https:\/\/place-hold.it\/450x300&text=Royal+Vacations\" alt=\"placeholder\" \/>            \t<\/a>\n\t\t\t<\/div>\n\t\t<\/div>\n\t\t<div class=\"media-body item-body\">\n\t\t\t<div class=\"item-title-head\">\n\t\t\t\t<h3 class=\"title\">\n\t\t\t\t\t<a href=\"https:\/\/royalvacationsegypt.com\/fr\/decouvrez-les-steve-jobs-de-lindustrie-du-voyage\/\">D\u00e9couvrez le Steve Jobs de l&#039;industrie du voyage<\/a>\n\t\t\t\t<\/h3>\n\t\t\t\t<div class=\"item-blog-meta item-blog-category\">\n\t\t\t\t\t<i class=\"homey-icon homey-icon-award-badge-1\"><\/i> <a href=\"https:\/\/royalvacationsegypt.com\/fr\/categorie\/non-categorise\/\" rel=\"category tag\">Non class\u00e9<\/a>\t\t\t\t<\/div>\n\t\t\t\t<p><\/p>\n\t\t\t<\/div>\n\t\t\t<div class=\"item-blog-footer\">\n\t\t\t\t<ul class=\"list-inline\">\n\t\t\t\t\t<li class=\"item-blog-meta\">\n\t\t\t\t\t\t<i class=\"homey-icon homey-icon-calendar-3\"><\/i> 3 ans ago\t\t\t\t\t<\/li>\n\t\t\t\t\t<li class=\"item-blog-meta\">\n\t\t\t\t\t\t<i class=\"homey-icon homey-icon-multiple-man-woman-2-o\" aria-hidden=\"true\"><\/i> Par <a href=\"https:\/\/royalvacationsegypt.com\/fr\/author\/pntkpev5he-2-2-2-2-2-2-2-2-2-2-2-2-2-2-2-2-2-2-2-3\/\">Vacances royales<\/a>\n\t\t\t\t\t<\/li>\n\t\t\t\t<\/ul>\n\t\t\t<\/div>\n\t\t<\/div>\n\t<\/div>\n<\/div>                                    <\/div>\n            <\/div>\n        <\/div>\n\n\n        \t\t\t\t<\/div>\n\t\t\t\t<\/div>\n\t\t\t\t\t<\/div>\n\t\t<\/div>\n\t\t\t\t\t<\/div>\n\t\t<\/section>\n\t\t\t\t<\/div>","protected":false},"excerpt":{"rendered":"<p>Blog Posts Carousel Module This page displays the Post Blog\u00a0Carousel\u00a0module combinations. This custom WElementor Page Builder widget helps you to display your blog posts on a nice\u00a0carousel\u00a0style. The module provides options to manage the page content. Grid Version 3 Columns Blog Posts Module Here&#8217;s What People Are Saying About Rentals Rentals Lorem ipsum dolor sit [&hellip;]<\/p>","protected":false},"author":1,"featured_media":0,"parent":0,"menu_order":0,"comment_status":"closed","ping_status":"closed","template":"elementor_header_footer","meta":{"inline_featured_image":false,"footnotes":""},"class_list":["post-1131","page","type-page","status-publish","hentry"],"aioseo_notices":[],"_links":{"self":[{"href":"https:\/\/royalvacationsegypt.com\/fr\/wp-json\/wp\/v2\/pages\/1131","targetHints":{"allow":["GET"]}}],"collection":[{"href":"https:\/\/royalvacationsegypt.com\/fr\/wp-json\/wp\/v2\/pages"}],"about":[{"href":"https:\/\/royalvacationsegypt.com\/fr\/wp-json\/wp\/v2\/types\/page"}],"author":[{"embeddable":true,"href":"https:\/\/royalvacationsegypt.com\/fr\/wp-json\/wp\/v2\/users\/1"}],"replies":[{"embeddable":true,"href":"https:\/\/royalvacationsegypt.com\/fr\/wp-json\/wp\/v2\/comments?post=1131"}],"version-history":[{"count":1,"href":"https:\/\/royalvacationsegypt.com\/fr\/wp-json\/wp\/v2\/pages\/1131\/revisions"}],"predecessor-version":[{"id":4613,"href":"https:\/\/royalvacationsegypt.com\/fr\/wp-json\/wp\/v2\/pages\/1131\/revisions\/4613"}],"wp:attachment":[{"href":"https:\/\/royalvacationsegypt.com\/fr\/wp-json\/wp\/v2\/media?parent=1131"}],"curies":[{"name":"wp","href":"https:\/\/api.w.org\/{rel}","templated":true}]}}