{"id":12992,"date":"2025-11-06T18:37:36","date_gmt":"2025-11-06T16:37:36","guid":{"rendered":"https:\/\/royalvacationsegypt.com\/?page_id=12992"},"modified":"2025-11-06T19:34:41","modified_gmt":"2025-11-06T17:34:41","slug":"yeni-sifre-belirle","status":"publish","type":"page","link":"https:\/\/royalvacationsegypt.com\/tr\/yeni-sifre-belirle\/","title":{"rendered":"\u015fifre s\u0131f\u0131rlama"},"content":{"rendered":"<div data-elementor-type=\"wp-page\" data-elementor-id=\"12992\" class=\"elementor elementor-12992\" data-elementor-post-type=\"page\">\n\t\t\t\t<div class=\"elementor-element elementor-element-4e76f7c e-flex e-con-boxed e-con e-parent\" data-id=\"4e76f7c\" data-element_type=\"container\">\n\t\t\t\t\t<div class=\"e-con-inner\">\n\t\t\t\t\t<\/div>\n\t\t\t\t<\/div>\n\t\t<div class=\"elementor-element elementor-element-11c5af73 e-flex e-con-boxed e-con e-parent\" data-id=\"11c5af73\" data-element_type=\"container\">\n\t\t\t\t\t<div class=\"e-con-inner\">\n\t\t<div class=\"elementor-element elementor-element-9895add e-con-full e-flex e-con e-child\" data-id=\"9895add\" data-element_type=\"container\" data-settings=\"{&quot;background_background&quot;:&quot;classic&quot;}\">\n\t\t<div class=\"elementor-element elementor-element-48cc7b35 e-con-full e-flex e-con e-child\" data-id=\"48cc7b35\" data-element_type=\"container\" data-settings=\"{&quot;background_background&quot;:&quot;classic&quot;}\">\n\t\t\t\t<div class=\"elementor-element elementor-element-700b7da6 login-form elementor-widget elementor-widget-heading\" data-id=\"700b7da6\" data-element_type=\"widget\" id=\"login-form\" data-widget_type=\"heading.default\">\n\t\t\t\t<div class=\"elementor-widget-container\">\n\t\t\t\t\t<h1 class=\"elementor-heading-title elementor-size-default\">\u015eifreyi S\u0131f\u0131rla<\/h1>\t\t\t\t<\/div>\n\t\t\t\t<\/div>\n\t\t\t\t<div class=\"elementor-element elementor-element-3c1fe941 custom-login elementor-widget elementor-widget-shortcode\" data-id=\"3c1fe941\" data-element_type=\"widget\" id=\"custom-login\" data-widget_type=\"shortcode.default\">\n\t\t\t\t<div class=\"elementor-widget-container\">\n\t\t\t\t\t\t\t<div class=\"elementor-shortcode\"><p>Ge\u00e7ersiz s\u0131f\u0131rlama ba\u011flant\u0131s\u0131. Eksik parametreler.<\/p><\/div>\n\t\t\t\t\t\t<\/div>\n\t\t\t\t<\/div>\n\t\t\t\t<\/div>\n\t\t<div class=\"elementor-element elementor-element-630877de e-con-full e-flex e-con e-child\" data-id=\"630877de\" data-element_type=\"container\">\n\t\t\t\t<div class=\"elementor-element elementor-element-819d6ae elementor-widget elementor-widget-image\" data-id=\"819d6ae\" data-element_type=\"widget\" data-widget_type=\"image.default\">\n\t\t\t\t<div class=\"elementor-widget-container\">\n\t\t\t\t\t\t\t\t\t\t\t\t\t\t\t<img fetchpriority=\"high\" decoding=\"async\" width=\"1024\" height=\"443\" src=\"https:\/\/royalvacationsegypt.com\/wp-content\/uploads\/2022\/05\/RoyalV-SmallWhite.svg\" class=\"attachment-large size-large wp-image-4640\" alt=\"\" \/>\t\t\t\t\t\t\t\t\t\t\t\t\t\t\t<\/div>\n\t\t\t\t<\/div>\n\t\t\t\t<div class=\"elementor-element elementor-element-4c0b9f01 elementor-widget elementor-widget-heading\" data-id=\"4c0b9f01\" data-element_type=\"widget\" data-widget_type=\"heading.default\">\n\t\t\t\t<div class=\"elementor-widget-container\">\n\t\t\t\t\t<h2 class=\"elementor-heading-title elementor-size-default\">Kraliyet Tatilleri<\/h2>\t\t\t\t<\/div>\n\t\t\t\t<\/div>\n\t\t\t\t<div class=\"elementor-element elementor-element-33afe7a2 elementor-align-center elementor-widget elementor-widget-button\" data-id=\"33afe7a2\" data-element_type=\"widget\" data-widget_type=\"button.default\">\n\t\t\t\t<div class=\"elementor-widget-container\">\n\t\t\t\t\t\t\t\t\t<div class=\"elementor-button-wrapper\">\n\t\t\t\t\t<a class=\"elementor-button elementor-button-link elementor-size-sm\" href=\"https:\/\/royalvacationsegypt.com\/tr\">\n\t\t\t\t\t\t<span class=\"elementor-button-content-wrapper\">\n\t\t\t\t\t\t\t\t\t<span class=\"elementor-button-text\">Web sitesine geri d\u00f6n<\/span>\n\t\t\t\t\t<\/span>\n\t\t\t\t\t<\/a>\n\t\t\t\t<\/div>\n\t\t\t\t\t\t\t\t<\/div>\n\t\t\t\t<\/div>\n\t\t\t\t<\/div>\n\t\t\t\t<\/div>\n\t\t\t\t\t<\/div>\n\t\t\t\t<\/div>\n\t\t\t\t<\/div>","protected":false},"excerpt":{"rendered":"<p>Royal Vacations \u015eifresini S\u0131f\u0131rla Web sitesine geri d\u00f6n<\/p>","protected":false},"author":1,"featured_media":0,"parent":0,"menu_order":0,"comment_status":"closed","ping_status":"closed","template":"","meta":{"inline_featured_image":false,"footnotes":""},"class_list":["post-12992","page","type-page","status-publish","hentry"],"aioseo_notices":[],"_links":{"self":[{"href":"https:\/\/royalvacationsegypt.com\/tr\/wp-json\/wp\/v2\/pages\/12992","targetHints":{"allow":["GET"]}}],"collection":[{"href":"https:\/\/royalvacationsegypt.com\/tr\/wp-json\/wp\/v2\/pages"}],"about":[{"href":"https:\/\/royalvacationsegypt.com\/tr\/wp-json\/wp\/v2\/types\/page"}],"author":[{"embeddable":true,"href":"https:\/\/royalvacationsegypt.com\/tr\/wp-json\/wp\/v2\/users\/1"}],"replies":[{"embeddable":true,"href":"https:\/\/royalvacationsegypt.com\/tr\/wp-json\/wp\/v2\/comments?post=12992"}],"version-history":[{"count":3,"href":"https:\/\/royalvacationsegypt.com\/tr\/wp-json\/wp\/v2\/pages\/12992\/revisions"}],"predecessor-version":[{"id":13065,"href":"https:\/\/royalvacationsegypt.com\/tr\/wp-json\/wp\/v2\/pages\/12992\/revisions\/13065"}],"wp:attachment":[{"href":"https:\/\/royalvacationsegypt.com\/tr\/wp-json\/wp\/v2\/media?parent=12992"}],"curies":[{"name":"wp","href":"https:\/\/api.w.org\/{rel}","templated":true}]}}